{"id":3150,"date":"2021-11-22T19:36:19","date_gmt":"2021-11-22T19:36:19","guid":{"rendered":"https:\/\/kninsesi.com\/?page_id=3150"},"modified":"2021-12-02T16:27:31","modified_gmt":"2021-12-02T16:27:31","slug":"bizden","status":"publish","type":"page","link":"https:\/\/kninsesi.com\/en\/bizden\/","title":{"rendered":"Bizden"},"content":{"rendered":"<div data-elementor-type=\"wp-page\" data-elementor-id=\"3150\" class=\"elementor elementor-3150\" data-elementor-settings=\"[]\">\n\t\t\t\t\t\t<div class=\"elementor-inner\">\n\t\t\t\t\t\t\t<div class=\"elementor-section-wrap\">\n\t\t\t\t\t\t\t<section class=\"elementor-section elementor-top-section elementor-element elementor-element-253c746 elementor-section-boxed elementor-section-height-default elementor-section-height-default\" data-id=\"253c746\" data-element_type=\"section\">\n\t\t\t\t\t\t<div class=\"elementor-container elementor-column-gap-default\">\n\t\t\t\t\t\t\t<div class=\"elementor-row\">\n\t\t\t\t\t<div class=\"elementor-column elementor-col-100 elementor-top-column elementor-element elementor-element-4b07030\" data-id=\"4b07030\" data-element_type=\"column\">\n\t\t\t<div class=\"elementor-column-wrap elementor-element-populated\">\n\t\t\t\t\t\t\t<div class=\"elementor-widget-wrap\">\n\t\t\t\t\t\t<div class=\"elementor-element elementor-element-dcbf5b8 elementor-widget elementor-widget-heading\" data-id=\"dcbf5b8\" data-element_type=\"widget\" data-widget_type=\"heading.default\">\n\t\t\t\t<div class=\"elementor-widget-container\">\n\t\t\t<h2 class=\"elementor-heading-title elementor-size-default\"><a href=\"https:\/\/kninsesi.com\/en\/bolumler\/\" target=\"_blank\">K'n\u0131n Sesi'nden Haberler<\/a><\/h2>\t\t<\/div>\n\t\t\t\t<\/div>\n\t\t\t\t\t\t<\/div>\n\t\t\t\t\t<\/div>\n\t\t<\/div>\n\t\t\t\t\t\t\t\t<\/div>\n\t\t\t\t\t<\/div>\n\t\t<\/section>\n\t\t\t\t<section class=\"elementor-section elementor-top-section elementor-element elementor-element-094f551 elementor-section-boxed elementor-section-height-default elementor-section-height-default\" data-id=\"094f551\" data-element_type=\"section\">\n\t\t\t\t\t\t<div class=\"elementor-container elementor-column-gap-default\">\n\t\t\t\t\t\t\t<div class=\"elementor-row\">\n\t\t\t\t\t<div class=\"elementor-column elementor-col-100 elementor-top-column elementor-element elementor-element-1c8f548\" data-id=\"1c8f548\" data-element_type=\"column\">\n\t\t\t<div class=\"elementor-column-wrap elementor-element-populated\">\n\t\t\t\t\t\t\t<div class=\"elementor-widget-wrap\">\n\t\t\t\t\t\t<div class=\"elementor-element elementor-element-aef93c6 elementor-grid-3 elementor-grid-tablet-2 elementor-grid-mobile-1 elementor-posts--thumbnail-top elementor-widget elementor-widget-posts\" data-id=\"aef93c6\" data-element_type=\"widget\" data-settings=\"{&quot;classic_columns&quot;:&quot;3&quot;,&quot;classic_columns_tablet&quot;:&quot;2&quot;,&quot;classic_columns_mobile&quot;:&quot;1&quot;,&quot;classic_row_gap&quot;:{&quot;unit&quot;:&quot;px&quot;,&quot;size&quot;:35,&quot;sizes&quot;:[]},&quot;classic_row_gap_tablet&quot;:{&quot;unit&quot;:&quot;px&quot;,&quot;size&quot;:&quot;&quot;,&quot;sizes&quot;:[]},&quot;classic_row_gap_mobile&quot;:{&quot;unit&quot;:&quot;px&quot;,&quot;size&quot;:&quot;&quot;,&quot;sizes&quot;:[]}}\" data-widget_type=\"posts.classic\">\n\t\t\t\t<div class=\"elementor-widget-container\">\n\t\t\t\t\t<div class=\"elementor-posts-container elementor-posts elementor-posts--skin-classic elementor-grid\">\n\t\t\t\t<article class=\"elementor-post elementor-grid-item post-4450 post type-post status-publish format-standard has-post-thumbnail hentry category-kivilcim tag-3-sezon tag-beril-sarialtun tag-duygu-dalyanoglu tag-kivilcim tag-knin-sesi tag-nihal-albayrak tag-ses-tiyatrosu tag-soylesi series-oyunlar\">\n\t\t\t\t<a class=\"elementor-post__thumbnail__link\" href=\"https:\/\/kninsesi.com\/en\/kivilcim-8-bolum\/\" target=&quot;_blank&quot;>\n\t\t\t<div class=\"elementor-post__thumbnail\"><img width=\"300\" height=\"300\" src=\"https:\/\/kninsesi.com\/wp-content\/uploads\/2022\/10\/Untitled-71-1-300x300.png\" class=\"attachment-medium size-medium\" alt=\"\" \/><\/div>\n\t\t<\/a>\n\t\t\t\t<div class=\"elementor-post__text\">\n\t\t\t\t<h3 class=\"elementor-post__title\">\n\t\t\t<a href=\"https:\/\/kninsesi.com\/en\/kivilcim-8-bolum\/\" target=&quot;_blank&quot;>\n\t\t\t\tK\u0131v\u0131lc\u0131m 8. B\u00f6l\u00fcm (Final)\t\t\t<\/a>\n\t\t<\/h3>\n\t\t\t\t<div class=\"elementor-post__meta-data\">\n\t\t\t\t\t<span class=\"elementor-post-date\">\n\t\t\tNovember 1, 2022\t\t<\/span>\n\t\t\t\t<\/div>\n\t\t\t\t<div class=\"elementor-post__excerpt\">\n\t\t\t<p>B\u00f6l\u00fcm\u00fc Podcast Platformlar\u0131ndan Dinlemek \u0130\u00e7in: Spotify Apple Podcast Google Podcasts \u0130zmir\u2019de ger\u00e7ekle\u015fen \u015f\u00fcpheli<\/p>\n\t\t<\/div>\n\t\t\t\t\t<a class=\"elementor-post__read-more\" href=\"https:\/\/kninsesi.com\/en\/kivilcim-8-bolum\/\" target=\"_blank\">\n\t\t\t\tHakk\u0131nda\t\t\t<\/a>\n\t\t\t\t<\/div>\n\t\t\t\t<\/article>\n\t\t\t\t<article class=\"elementor-post elementor-grid-item post-4436 post type-post status-publish format-standard has-post-thumbnail hentry category-kivilcim tag-3-sezon tag-beril-sarialtun tag-duygu-dalyanoglu tag-kivilcim tag-knin-sesi tag-nihal-albayrak tag-ses-tiyatrosu tag-soylesi series-oyunlar\">\n\t\t\t\t<a class=\"elementor-post__thumbnail__link\" href=\"https:\/\/kninsesi.com\/en\/kivilcim-7-bolum\/\" target=&quot;_blank&quot;>\n\t\t\t<div class=\"elementor-post__thumbnail\"><img width=\"300\" height=\"300\" src=\"https:\/\/kninsesi.com\/wp-content\/uploads\/2022\/10\/Untitled-71-1-300x300.png\" class=\"attachment-medium size-medium\" alt=\"\" \/><\/div>\n\t\t<\/a>\n\t\t\t\t<div class=\"elementor-post__text\">\n\t\t\t\t<h3 class=\"elementor-post__title\">\n\t\t\t<a href=\"https:\/\/kninsesi.com\/en\/kivilcim-7-bolum\/\" target=&quot;_blank&quot;>\n\t\t\t\tK\u0131v\u0131lc\u0131m 7. B\u00f6l\u00fcm\t\t\t<\/a>\n\t\t<\/h3>\n\t\t\t\t<div class=\"elementor-post__meta-data\">\n\t\t\t\t\t<span class=\"elementor-post-date\">\n\t\t\tNovember 1, 2022\t\t<\/span>\n\t\t\t\t<\/div>\n\t\t\t\t<div class=\"elementor-post__excerpt\">\n\t\t\t<p>B\u00f6l\u00fcm\u00fc Podcast Platformlar\u0131ndan Dinlemek \u0130\u00e7in: Spotify Apple Podcast Google Podcasts \u0130zmir\u2019de ger\u00e7ekle\u015fen \u015f\u00fcpheli<\/p>\n\t\t<\/div>\n\t\t\t\t\t<a class=\"elementor-post__read-more\" href=\"https:\/\/kninsesi.com\/en\/kivilcim-7-bolum\/\" target=\"_blank\">\n\t\t\t\tHakk\u0131nda\t\t\t<\/a>\n\t\t\t\t<\/div>\n\t\t\t\t<\/article>\n\t\t\t\t<article class=\"elementor-post elementor-grid-item post-4416 post type-post status-publish format-standard has-post-thumbnail hentry category-kivilcim tag-3-sezon tag-beril-sarialtun tag-duygu-dalyanoglu tag-kivilcim tag-knin-sesi tag-nihal-albayrak tag-ses-tiyatrosu tag-soylesi series-oyunlar\">\n\t\t\t\t<a class=\"elementor-post__thumbnail__link\" href=\"https:\/\/kninsesi.com\/en\/kivilcim-6-bolum\/\" target=&quot;_blank&quot;>\n\t\t\t<div class=\"elementor-post__thumbnail\"><img width=\"300\" height=\"300\" src=\"https:\/\/kninsesi.com\/wp-content\/uploads\/2022\/10\/Untitled-71-1-300x300.png\" class=\"attachment-medium size-medium\" alt=\"\" \/><\/div>\n\t\t<\/a>\n\t\t\t\t<div class=\"elementor-post__text\">\n\t\t\t\t<h3 class=\"elementor-post__title\">\n\t\t\t<a href=\"https:\/\/kninsesi.com\/en\/kivilcim-6-bolum\/\" target=&quot;_blank&quot;>\n\t\t\t\tK\u0131v\u0131lc\u0131m 6. B\u00f6l\u00fcm\t\t\t<\/a>\n\t\t<\/h3>\n\t\t\t\t<div class=\"elementor-post__meta-data\">\n\t\t\t\t\t<span class=\"elementor-post-date\">\n\t\t\tNovember 1, 2022\t\t<\/span>\n\t\t\t\t<\/div>\n\t\t\t\t<div class=\"elementor-post__excerpt\">\n\t\t\t<p>B\u00f6l\u00fcm\u00fc Podcast Platformlar\u0131ndan Dinlemek \u0130\u00e7in: Spotify Apple Podcast Google Podcasts \u0130zmir\u2019de ger\u00e7ekle\u015fen \u015f\u00fcpheli<\/p>\n\t\t<\/div>\n\t\t\t\t\t<a class=\"elementor-post__read-more\" href=\"https:\/\/kninsesi.com\/en\/kivilcim-6-bolum\/\" target=\"_blank\">\n\t\t\t\tHakk\u0131nda\t\t\t<\/a>\n\t\t\t\t<\/div>\n\t\t\t\t<\/article>\n\t\t\t\t<article class=\"elementor-post elementor-grid-item post-4399 post type-post status-publish format-standard has-post-thumbnail hentry category-kivilcim tag-3-sezon tag-beril-sarialtun tag-duygu-dalyanoglu tag-kivilcim tag-knin-sesi tag-nihal-albayrak tag-ses-tiyatrosu tag-soylesi series-oyunlar\">\n\t\t\t\t<a class=\"elementor-post__thumbnail__link\" href=\"https:\/\/kninsesi.com\/en\/kivilcim-5-bolum\/\" target=&quot;_blank&quot;>\n\t\t\t<div class=\"elementor-post__thumbnail\"><img width=\"300\" height=\"300\" src=\"https:\/\/kninsesi.com\/wp-content\/uploads\/2022\/10\/Untitled-71-1-300x300.png\" class=\"attachment-medium size-medium\" alt=\"\" \/><\/div>\n\t\t<\/a>\n\t\t\t\t<div class=\"elementor-post__text\">\n\t\t\t\t<h3 class=\"elementor-post__title\">\n\t\t\t<a href=\"https:\/\/kninsesi.com\/en\/kivilcim-5-bolum\/\" target=&quot;_blank&quot;>\n\t\t\t\tK\u0131v\u0131lc\u0131m 5. B\u00f6l\u00fcm\t\t\t<\/a>\n\t\t<\/h3>\n\t\t\t\t<div class=\"elementor-post__meta-data\">\n\t\t\t\t\t<span class=\"elementor-post-date\">\n\t\t\tNovember 1, 2022\t\t<\/span>\n\t\t\t\t<\/div>\n\t\t\t\t<div class=\"elementor-post__excerpt\">\n\t\t\t<p>B\u00f6l\u00fcm\u00fc Podcast Platformlar\u0131ndan Dinlemek \u0130\u00e7in: Spotify Apple Podcast Google Podcasts \u0130zmir\u2019de ger\u00e7ekle\u015fen \u015f\u00fcpheli<\/p>\n\t\t<\/div>\n\t\t\t\t\t<a class=\"elementor-post__read-more\" href=\"https:\/\/kninsesi.com\/en\/kivilcim-5-bolum\/\" target=\"_blank\">\n\t\t\t\tHakk\u0131nda\t\t\t<\/a>\n\t\t\t\t<\/div>\n\t\t\t\t<\/article>\n\t\t\t\t<article class=\"elementor-post elementor-grid-item post-4632 post type-post status-publish format-standard has-post-thumbnail hentry category-haber tag-3-sezon tag-beril-sarialtun tag-duygu-dalyanoglu tag-kivilcim tag-knin-sesi tag-lansman tag-nihal-albayrak tag-postane tag-ses-tiyatrosu tag-soylesi\">\n\t\t\t\t<a class=\"elementor-post__thumbnail__link\" href=\"https:\/\/kninsesi.com\/en\/kivilcim-lansman-gecesi\/\" target=&quot;_blank&quot;>\n\t\t\t<div class=\"elementor-post__thumbnail\"><img width=\"300\" height=\"200\" src=\"https:\/\/kninsesi.com\/wp-content\/uploads\/2022\/12\/IMG_2490-300x200.jpg\" class=\"attachment-medium size-medium\" alt=\"\" \/><\/div>\n\t\t<\/a>\n\t\t\t\t<div class=\"elementor-post__text\">\n\t\t\t\t<h3 class=\"elementor-post__title\">\n\t\t\t<a href=\"https:\/\/kninsesi.com\/en\/kivilcim-lansman-gecesi\/\" target=&quot;_blank&quot;>\n\t\t\t\tK\u0131v\u0131lc\u0131m Lansman Gecesi\t\t\t<\/a>\n\t\t<\/h3>\n\t\t\t\t<div class=\"elementor-post__meta-data\">\n\t\t\t\t\t<span class=\"elementor-post-date\">\n\t\t\tOctober 26, 2022\t\t<\/span>\n\t\t\t\t<\/div>\n\t\t\t\t<div class=\"elementor-post__excerpt\">\n\t\t\t<p>K\u0131v\u0131lc\u0131m Lansman Gecesi K\u0131v\u0131lc\u0131m&#8217;\u0131n lansman\u0131 26 Ekim \u00c7ar\u015famba ak\u015fam\u0131 Postane&#8216;de yarat\u0131c\u0131 ekip ile<\/p>\n\t\t<\/div>\n\t\t\t\t\t<a class=\"elementor-post__read-more\" href=\"https:\/\/kninsesi.com\/en\/kivilcim-lansman-gecesi\/\" target=\"_blank\">\n\t\t\t\tHakk\u0131nda\t\t\t<\/a>\n\t\t\t\t<\/div>\n\t\t\t\t<\/article>\n\t\t\t\t<article class=\"elementor-post elementor-grid-item post-4358 post type-post status-publish format-standard has-post-thumbnail hentry category-kivilcim tag-3-sezon tag-beril-sarialtun tag-duygu-dalyanoglu tag-kivilcim tag-knin-sesi tag-nihal-albayrak tag-ses-tiyatrosu tag-soylesi series-oyunlar\">\n\t\t\t\t<a class=\"elementor-post__thumbnail__link\" href=\"https:\/\/kninsesi.com\/en\/kivilcim-4-bolum\/\" target=&quot;_blank&quot;>\n\t\t\t<div class=\"elementor-post__thumbnail\"><img width=\"300\" height=\"300\" src=\"https:\/\/kninsesi.com\/wp-content\/uploads\/2022\/10\/Untitled-71-1-300x300.png\" class=\"attachment-medium size-medium\" alt=\"\" \/><\/div>\n\t\t<\/a>\n\t\t\t\t<div class=\"elementor-post__text\">\n\t\t\t\t<h3 class=\"elementor-post__title\">\n\t\t\t<a href=\"https:\/\/kninsesi.com\/en\/kivilcim-4-bolum\/\" target=&quot;_blank&quot;>\n\t\t\t\tK\u0131v\u0131lc\u0131m 4. B\u00f6l\u00fcm\t\t\t<\/a>\n\t\t<\/h3>\n\t\t\t\t<div class=\"elementor-post__meta-data\">\n\t\t\t\t\t<span class=\"elementor-post-date\">\n\t\t\tOctober 24, 2022\t\t<\/span>\n\t\t\t\t<\/div>\n\t\t\t\t<div class=\"elementor-post__excerpt\">\n\t\t\t<p>B\u00f6l\u00fcm\u00fc Podcast Platformlar\u0131ndan Dinlemek \u0130\u00e7in: Spotify Apple Podcast Google Podcasts \u0130zmir\u2019de ger\u00e7ekle\u015fen \u015f\u00fcpheli<\/p>\n\t\t<\/div>\n\t\t\t\t\t<a class=\"elementor-post__read-more\" href=\"https:\/\/kninsesi.com\/en\/kivilcim-4-bolum\/\" target=\"_blank\">\n\t\t\t\tHakk\u0131nda\t\t\t<\/a>\n\t\t\t\t<\/div>\n\t\t\t\t<\/article>\n\t\t\t\t<\/div>\n\n\n\t\t\n\t\t\t\t<\/div>\n\t\t\t\t<\/div>\n\t\t\t\t\t\t<\/div>\n\t\t\t\t\t<\/div>\n\t\t<\/div>\n\t\t\t\t\t\t\t\t<\/div>\n\t\t\t\t\t<\/div>\n\t\t<\/section>\n\t\t\t\t\t\t<\/div>\n\t\t\t\t\t\t<\/div>\n\t\t\t\t\t<\/div>","protected":false},"excerpt":{"rendered":"<p>K&#8217;n\u0131n Sesi&#8217;nden Haberler<\/p>","protected":false},"author":1,"featured_media":0,"parent":0,"menu_order":0,"comment_status":"closed","ping_status":"closed","template":"elementor_header_footer","meta":{"episode_type":"","audio_file":"","cover_image":"","cover_image_id":"","duration":"","filesize":"","date_recorded":"","explicit":"","block":"","filesize_raw":""},"yoast_head":"<!-- This site is optimized with the Yoast SEO plugin v17.6 - https:\/\/yoast.com\/wordpress\/plugins\/seo\/ -->\n<title>Bizden &middot; K&#039;n\u0131n Sesi Podcast<\/title>\n<meta name=\"robots\" content=\"index, follow, max-snippet:-1, max-image-preview:large, max-video-preview:-1\" \/>\n<link rel=\"canonical\" href=\"https:\/\/kninsesi.com\/en\/bizden\/\" \/>\n<meta property=\"og:locale\" content=\"en_US\" \/>\n<meta property=\"og:type\" content=\"article\" \/>\n<meta property=\"og:title\" content=\"Bizden &middot; K&#039;n\u0131n Sesi Podcast\" \/>\n<meta property=\"og:description\" content=\"K&#8217;n\u0131n Sesi&#8217;nden Haberler\" \/>\n<meta property=\"og:url\" content=\"https:\/\/kninsesi.com\/en\/bizden\/\" \/>\n<meta property=\"og:site_name\" content=\"K&#039;n\u0131n Sesi Podcast\" \/>\n<meta property=\"article:publisher\" content=\"https:\/\/www.facebook.com\/kninsesi\" \/>\n<meta property=\"article:modified_time\" content=\"2021-12-02T16:27:31+00:00\" \/>\n<meta property=\"og:image\" content=\"https:\/\/kninsesi.com\/wp-content\/uploads\/2021\/03\/6417017-1615472975336-2920d42c19152-7-scaled.jpg\" \/>\n\t<meta property=\"og:image:width\" content=\"2560\" \/>\n\t<meta property=\"og:image:height\" content=\"2560\" \/>\n<meta name=\"twitter:card\" content=\"summary_large_image\" \/>\n<meta name=\"twitter:site\" content=\"@kninsesipodcast\" \/>\n<meta name=\"twitter:label1\" content=\"Est. reading time\" \/>\n\t<meta name=\"twitter:data1\" content=\"1 minute\" \/>\n<script type=\"application\/ld+json\" class=\"yoast-schema-graph\">{\"@context\":\"https:\/\/schema.org\",\"@graph\":[{\"@type\":\"Organization\",\"@id\":\"https:\/\/kninsesi.com\/#organization\",\"name\":\"K'n\\u0131n Sesi Podcast\",\"url\":\"https:\/\/kninsesi.com\/\",\"sameAs\":[\"https:\/\/www.facebook.com\/kninsesi\",\"https:\/\/www.instagram.com\/knin_sesi\/\",\"https:\/\/twitter.com\/kninsesipodcast\"],\"logo\":{\"@type\":\"ImageObject\",\"@id\":\"https:\/\/kninsesi.com\/#logo\",\"inLanguage\":\"en-US\",\"url\":\"https:\/\/kninsesi.com\/wp-content\/uploads\/2021\/03\/6417017-1615472975336-2920d42c19152-7-scaled.jpg\",\"contentUrl\":\"https:\/\/kninsesi.com\/wp-content\/uploads\/2021\/03\/6417017-1615472975336-2920d42c19152-7-scaled.jpg\",\"width\":2560,\"height\":2560,\"caption\":\"K'n\\u0131n Sesi Podcast\"},\"image\":{\"@id\":\"https:\/\/kninsesi.com\/#logo\"}},{\"@type\":\"WebSite\",\"@id\":\"https:\/\/kninsesi.com\/#website\",\"url\":\"https:\/\/kninsesi.com\/\",\"name\":\"K&#039;n\\u0131n Sesi Podcast\",\"description\":\"\",\"publisher\":{\"@id\":\"https:\/\/kninsesi.com\/#organization\"},\"potentialAction\":[{\"@type\":\"SearchAction\",\"target\":{\"@type\":\"EntryPoint\",\"urlTemplate\":\"https:\/\/kninsesi.com\/?s={search_term_string}\"},\"query-input\":\"required name=search_term_string\"}],\"inLanguage\":\"en-US\"},{\"@type\":\"WebPage\",\"@id\":\"https:\/\/kninsesi.com\/bizden\/#webpage\",\"url\":\"https:\/\/kninsesi.com\/bizden\/\",\"name\":\"Bizden &middot; K&#039;n\\u0131n Sesi Podcast\",\"isPartOf\":{\"@id\":\"https:\/\/kninsesi.com\/#website\"},\"datePublished\":\"2021-11-22T19:36:19+00:00\",\"dateModified\":\"2021-12-02T16:27:31+00:00\",\"breadcrumb\":{\"@id\":\"https:\/\/kninsesi.com\/bizden\/#breadcrumb\"},\"inLanguage\":\"en-US\",\"potentialAction\":[{\"@type\":\"ReadAction\",\"target\":[\"https:\/\/kninsesi.com\/bizden\/\"]}]},{\"@type\":\"BreadcrumbList\",\"@id\":\"https:\/\/kninsesi.com\/bizden\/#breadcrumb\",\"itemListElement\":[{\"@type\":\"ListItem\",\"position\":1,\"name\":\"Home\",\"item\":\"https:\/\/kninsesi.com\/\"},{\"@type\":\"ListItem\",\"position\":2,\"name\":\"Bizden\"}]}]}<\/script>\n<!-- \/ Yoast SEO plugin. -->","yoast_head_json":{"title":"Bizden &middot; K&#039;n\u0131n Sesi Podcast","robots":{"index":"index","follow":"follow","max-snippet":"max-snippet:-1","max-image-preview":"max-image-preview:large","max-video-preview":"max-video-preview:-1"},"canonical":"https:\/\/kninsesi.com\/en\/bizden\/","og_locale":"en_US","og_type":"article","og_title":"Bizden &middot; K&#039;n\u0131n Sesi Podcast","og_description":"K&#8217;n\u0131n Sesi&#8217;nden Haberler","og_url":"https:\/\/kninsesi.com\/en\/bizden\/","og_site_name":"K&#039;n\u0131n Sesi Podcast","article_publisher":"https:\/\/www.facebook.com\/kninsesi","article_modified_time":"2021-12-02T16:27:31+00:00","og_image":[{"width":2560,"height":2560,"url":"https:\/\/kninsesi.com\/wp-content\/uploads\/2021\/03\/6417017-1615472975336-2920d42c19152-7-scaled.jpg","type":"image\/jpeg"}],"twitter_card":"summary_large_image","twitter_site":"@kninsesipodcast","twitter_misc":{"Est. reading time":"1 minute"},"schema":{"@context":"https:\/\/schema.org","@graph":[{"@type":"Organization","@id":"https:\/\/kninsesi.com\/#organization","name":"K'n\u0131n Sesi Podcast","url":"https:\/\/kninsesi.com\/","sameAs":["https:\/\/www.facebook.com\/kninsesi","https:\/\/www.instagram.com\/knin_sesi\/","https:\/\/twitter.com\/kninsesipodcast"],"logo":{"@type":"ImageObject","@id":"https:\/\/kninsesi.com\/#logo","inLanguage":"en-US","url":"https:\/\/kninsesi.com\/wp-content\/uploads\/2021\/03\/6417017-1615472975336-2920d42c19152-7-scaled.jpg","contentUrl":"https:\/\/kninsesi.com\/wp-content\/uploads\/2021\/03\/6417017-1615472975336-2920d42c19152-7-scaled.jpg","width":2560,"height":2560,"caption":"K'n\u0131n Sesi Podcast"},"image":{"@id":"https:\/\/kninsesi.com\/#logo"}},{"@type":"WebSite","@id":"https:\/\/kninsesi.com\/#website","url":"https:\/\/kninsesi.com\/","name":"K&#039;n\u0131n Sesi Podcast","description":"","publisher":{"@id":"https:\/\/kninsesi.com\/#organization"},"potentialAction":[{"@type":"SearchAction","target":{"@type":"EntryPoint","urlTemplate":"https:\/\/kninsesi.com\/?s={search_term_string}"},"query-input":"required name=search_term_string"}],"inLanguage":"en-US"},{"@type":"WebPage","@id":"https:\/\/kninsesi.com\/bizden\/#webpage","url":"https:\/\/kninsesi.com\/bizden\/","name":"Bizden &middot; K&#039;n\u0131n Sesi Podcast","isPartOf":{"@id":"https:\/\/kninsesi.com\/#website"},"datePublished":"2021-11-22T19:36:19+00:00","dateModified":"2021-12-02T16:27:31+00:00","breadcrumb":{"@id":"https:\/\/kninsesi.com\/bizden\/#breadcrumb"},"inLanguage":"en-US","potentialAction":[{"@type":"ReadAction","target":["https:\/\/kninsesi.com\/bizden\/"]}]},{"@type":"BreadcrumbList","@id":"https:\/\/kninsesi.com\/bizden\/#breadcrumb","itemListElement":[{"@type":"ListItem","position":1,"name":"Home","item":"https:\/\/kninsesi.com\/"},{"@type":"ListItem","position":2,"name":"Bizden"}]}]}},"_links":{"self":[{"href":"https:\/\/kninsesi.com\/en\/wp-json\/wp\/v2\/pages\/3150"}],"collection":[{"href":"https:\/\/kninsesi.com\/en\/wp-json\/wp\/v2\/pages"}],"about":[{"href":"https:\/\/kninsesi.com\/en\/wp-json\/wp\/v2\/types\/page"}],"author":[{"embeddable":true,"href":"https:\/\/kninsesi.com\/en\/wp-json\/wp\/v2\/users\/1"}],"replies":[{"embeddable":true,"href":"https:\/\/kninsesi.com\/en\/wp-json\/wp\/v2\/comments?post=3150"}],"version-history":[{"count":11,"href":"https:\/\/kninsesi.com\/en\/wp-json\/wp\/v2\/pages\/3150\/revisions"}],"predecessor-version":[{"id":3198,"href":"https:\/\/kninsesi.com\/en\/wp-json\/wp\/v2\/pages\/3150\/revisions\/3198"}],"wp:attachment":[{"href":"https:\/\/kninsesi.com\/en\/wp-json\/wp\/v2\/media?parent=3150"}],"curies":[{"name":"wp","href":"https:\/\/api.w.org\/{rel}","templated":true}]}}