{"id":15,"date":"2020-07-22T14:17:00","date_gmt":"2020-07-22T14:17:00","guid":{"rendered":"https:\/\/satchmo.secondlinethemes.com\/?page_id=15"},"modified":"2024-01-30T15:19:59","modified_gmt":"2024-01-30T15:19:59","slug":"iletisim","status":"publish","type":"page","link":"https:\/\/kninsesi.com\/en\/iletisim\/","title":{"rendered":"\u0130leti\u015fim"},"content":{"rendered":"<div data-elementor-type=\"wp-post\" data-elementor-id=\"15\" class=\"elementor elementor-15\" data-elementor-settings=\"[]\">\n\t\t\t\t\t\t<div class=\"elementor-inner\">\n\t\t\t\t\t\t\t<div class=\"elementor-section-wrap\">\n\t\t\t\t\t\t\t<section class=\"elementor-section elementor-top-section elementor-element elementor-element-xkjmyay elementor-section-boxed elementor-section-height-default elementor-section-height-default\" data-id=\"xkjmyay\" data-element_type=\"section\">\n\t\t\t\t\t\t<div class=\"elementor-container elementor-column-gap-default\">\n\t\t\t\t\t\t\t<div class=\"elementor-row\">\n\t\t\t\t\t<div class=\"elementor-column elementor-col-100 elementor-top-column elementor-element elementor-element-ckpirij\" data-id=\"ckpirij\" data-element_type=\"column\">\n\t\t\t<div class=\"elementor-column-wrap elementor-element-populated\">\n\t\t\t\t\t\t\t<div class=\"elementor-widget-wrap\">\n\t\t\t\t\t\t<div class=\"elementor-element elementor-element-qujjuqm elementor-widget elementor-widget-heading\" data-id=\"qujjuqm\" data-element_type=\"widget\" data-widget_type=\"heading.default\">\n\t\t\t\t<div class=\"elementor-widget-container\">\n\t\t\t<h1 class=\"elementor-heading-title elementor-size-default\">Bize Ula\u015f\u0131n<\/h1>\t\t<\/div>\n\t\t\t\t<\/div>\n\t\t\t\t\t\t<\/div>\n\t\t\t\t\t<\/div>\n\t\t<\/div>\n\t\t\t\t\t\t\t\t<\/div>\n\t\t\t\t\t<\/div>\n\t\t<\/section>\n\t\t\t\t<section class=\"elementor-section elementor-top-section elementor-element elementor-element-ed586dd elementor-section-boxed elementor-section-height-default elementor-section-height-default\" data-id=\"ed586dd\" data-element_type=\"section\">\n\t\t\t\t\t\t<div class=\"elementor-container elementor-column-gap-default\">\n\t\t\t\t\t\t\t<div class=\"elementor-row\">\n\t\t\t\t\t<div class=\"elementor-column elementor-col-100 elementor-top-column elementor-element elementor-element-88121a9\" data-id=\"88121a9\" data-element_type=\"column\">\n\t\t\t<div class=\"elementor-column-wrap\">\n\t\t\t\t\t\t\t<div class=\"elementor-widget-wrap\">\n\t\t\t\t\t\t\t\t<\/div>\n\t\t\t\t\t<\/div>\n\t\t<\/div>\n\t\t\t\t\t\t\t\t<\/div>\n\t\t\t\t\t<\/div>\n\t\t<\/section>\n\t\t\t\t<section class=\"elementor-section elementor-top-section elementor-element elementor-element-1af372d6 elementor-section-boxed elementor-section-height-default elementor-section-height-default\" data-id=\"1af372d6\" data-element_type=\"section\">\n\t\t\t\t\t\t<div class=\"elementor-container elementor-column-gap-default\">\n\t\t\t\t\t\t\t<div class=\"elementor-row\">\n\t\t\t\t\t<div class=\"elementor-column elementor-col-100 elementor-top-column elementor-element elementor-element-7b1f2b88\" data-id=\"7b1f2b88\" data-element_type=\"column\">\n\t\t\t<div class=\"elementor-column-wrap elementor-element-populated\">\n\t\t\t\t\t\t\t<div class=\"elementor-widget-wrap\">\n\t\t\t\t\t\t<section class=\"elementor-section elementor-inner-section elementor-element elementor-element-16ea3723 elementor-section-full_width elementor-section-height-default elementor-section-height-default\" data-id=\"16ea3723\" data-element_type=\"section\">\n\t\t\t\t\t\t<div class=\"elementor-container elementor-column-gap-default\">\n\t\t\t\t\t\t\t<div class=\"elementor-row\">\n\t\t\t\t\t<div class=\"elementor-column elementor-col-100 elementor-inner-column elementor-element elementor-element-185067f5\" data-id=\"185067f5\" data-element_type=\"column\">\n\t\t\t<div class=\"elementor-column-wrap elementor-element-populated\">\n\t\t\t\t\t\t\t<div class=\"elementor-widget-wrap\">\n\t\t\t\t\t\t<div class=\"elementor-element elementor-element-d0ae171 elementor-widget elementor-widget-elementskit-heading\" data-id=\"d0ae171\" data-element_type=\"widget\" data-widget_type=\"elementskit-heading.default\">\n\t\t\t\t<div class=\"elementor-widget-container\">\n\t\t\t<div class=\"ekit-wid-con\" ><div class=\"ekit-heading elementskit-section-title-wraper text_left   ekit_heading_tablet-   ekit_heading_mobile-\"><h2 class=\"ekit-heading--title elementskit-section-title\">\n\t\t\t\t\tK'n\u0131n Sesi'ne E-Mail'le Ula\u015fabilirsiniz\n\t\t\t\t<\/h2>\t\t\t\t<div class='ekit-heading__description'>\n\t\t\t\t\t<p>Bas\u0131n kitine ula\u015fmak i\u00e7in <a href=\"https:\/\/drive.google.com\/drive\/folders\/1U_GboUJiKRhoruw4sz0C8DWPKlY7HyQd?usp=sharing\" target=\"_blank\" rel=\"noopener\"><span style=\"text-decoration: underline\">t\u0131klay\u0131n.<\/span><\/a><\/p>\n<p><strong>\u0130leti\u015fim:<\/strong><\/p>\n<p>info@kninsesi.com<\/p>\n\t\t\t\t<\/div>\n\t\t\t<\/div><\/div>\t\t<\/div>\n\t\t\t\t<\/div>\n\t\t\t\t\t\t<\/div>\n\t\t\t\t\t<\/div>\n\t\t<\/div>\n\t\t\t\t\t\t\t\t<\/div>\n\t\t\t\t\t<\/div>\n\t\t<\/section>\n\t\t\t\t\t\t<\/div>\n\t\t\t\t\t<\/div>\n\t\t<\/div>\n\t\t\t\t\t\t\t\t<\/div>\n\t\t\t\t\t<\/div>\n\t\t<\/section>\n\t\t\t\t<section class=\"elementor-section elementor-top-section elementor-element elementor-element-2d4a6d2 elementor-section-boxed elementor-section-height-default elementor-section-height-default\" data-id=\"2d4a6d2\" data-element_type=\"section\">\n\t\t\t\t\t\t<div class=\"elementor-container elementor-column-gap-default\">\n\t\t\t\t\t\t\t<div class=\"elementor-row\">\n\t\t\t\t\t<div class=\"elementor-column elementor-col-100 elementor-top-column elementor-element elementor-element-bbe8695\" data-id=\"bbe8695\" data-element_type=\"column\">\n\t\t\t<div class=\"elementor-column-wrap elementor-element-populated\">\n\t\t\t\t\t\t\t<div class=\"elementor-widget-wrap\">\n\t\t\t\t\t\t<div class=\"elementor-element elementor-element-f841b65 elementor-widget elementor-widget-heading\" data-id=\"f841b65\" data-element_type=\"widget\" data-widget_type=\"heading.default\">\n\t\t\t\t<div class=\"elementor-widget-container\">\n\t\t\t<h2 class=\"elementor-heading-title elementor-size-default\">Yeni b\u00f6l\u00fcmlerden haberdar olmak i\u00e7in email listemize kaydolun. <\/h2>\t\t<\/div>\n\t\t\t\t<\/div>\n\t\t\t\t\t\t<\/div>\n\t\t\t\t\t<\/div>\n\t\t<\/div>\n\t\t\t\t\t\t\t\t<\/div>\n\t\t\t\t\t<\/div>\n\t\t<\/section>\n\t\t\t\t<section class=\"elementor-section elementor-top-section elementor-element elementor-element-5fd1129 elementor-section-boxed elementor-section-height-default elementor-section-height-default\" data-id=\"5fd1129\" data-element_type=\"section\">\n\t\t\t\t\t\t<div class=\"elementor-container elementor-column-gap-default\">\n\t\t\t\t\t\t\t<div class=\"elementor-row\">\n\t\t\t\t\t<div class=\"elementor-column elementor-col-100 elementor-top-column elementor-element elementor-element-cf8717f\" data-id=\"cf8717f\" data-element_type=\"column\">\n\t\t\t<div class=\"elementor-column-wrap elementor-element-populated\">\n\t\t\t\t\t\t\t<div class=\"elementor-widget-wrap\">\n\t\t\t\t\t\t<div class=\"elementor-element elementor-element-5955483 elementor-widget elementor-widget-global elementor-global-2993 elementor-widget-elementskit-mail-chimp\" data-id=\"5955483\" data-element_type=\"widget\" data-widget_type=\"elementskit-mail-chimp.default\">\n\t\t\t\t<div class=\"elementor-widget-container\">\n\t\t\t<div class=\"ekit-wid-con\" >\t\t<div class=\"ekit-mail-chimp\">\n\t\t<form method=\"post\" class=\"ekit-mailChimpForm\" data-listed=\"ea31469584\" data-success-message=\"\u00dcye oldunuz\" data-success-opt-in-message=\"\" action=\"\">\n\t\t\t<div class=\"ekit-mail-message\"><\/div>\n\t\t\t<input type=\"hidden\" name=\"double_opt_in\" value=\"no\">\n\n\t\t\t\t<div class=\"elementskit_form_wraper elementskit_inline_form has-extra-fields\">\n\t\t\t\t\t\t\t\t\t<div class=\"ekit-mail-chimp-name elementskit_input_wraper elementskit_input_container\">\n\t\t\t\t\t\t<div class=\"elementskit_form_group\">\n\t\t\t\t\t\t\t\t\t\t\t\t\t\t<label class=\"elementskit_input_label\">\u0130sim <\/label>\n\t\t\t\t\t\t\t\t\t\t\t\t\t\t<div class=\"elementskit_input_element_container\">\n\t\t\t\t\t\t\t\t\t\t\t\t\t\t\t\t<input type=\"text\" class=\"ekit_user_first ekit_form_control\"  name=\"firstname\" placeholder=\"\" required \/>\n\n\t\t\t\t\t\t\t\t\t\t\t\t\t\t\t<\/div>\n\t\t\t\t\t\t<\/div>\n\t\t\t\t\t\t\t\t\t\t\t<\/div>\n\t\t\t\t\t\t\t\t\t\t\t\t\t<div class=\"ekit-mail-chimp-name elementskit_input_wraper elementskit_input_container\">\n\t\t\t\t\t\t<div class=\"elementskit_form_group\">\n\t\t\t\t\t\t\t\t\t\t\t\t\t\t<label class=\"elementskit_input_label\">Soyisim <\/label>\n\t\t\t\t\t\t\t\t\t\t\t\t\t\t<div class=\"elementskit_input_element_container\">\n\t\t\t\t\t\t\t\t\t\t\t\t\t\t\t\t<input type=\"text\" class=\"ekit_user_last ekit_form_control\" name=\"lastname\" placeholder=\"\" required \/>\n\n\t\t\t\t\t\t\t\t\t\t\t\t\t\t\t<\/div>\n\t\t\t\t\t\t<\/div>\n\t\t\t\t\t\t\t\t\t\t\t<\/div>\n\t\t\t\t\t\t\t\t\t<div class=\"ekit-mail-chimp-email elementskit_input_wraper elementskit_input_container\">\n\t\t\t\t\t\t<div class=\"elementskit_form_group\">\n\t\t\t\t\t\t\t\t\t\t\t\t\t\t<label class=\"elementskit_input_label\">E-mail <\/label>\n\t\t\t\t\t\t\t\t\t\t\t\t\t\t<div class=\"elementskit_input_element_container\">\n\t\t\t\t\t\t\t\t\t\t\t\t\t\t\t\t<input type=\"email\" name=\"email\" class=\"ekit_mail_email ekit_form_control\" placeholder=\"\" required \/>\n\n\t\t\t\t\t\t\t\t\t\t\t\t\t\t\t<\/div>\n\t\t\t\t\t\t<\/div>\n\t\t\t\t\t<\/div>\n\t\t\t\t\t<div class=\"ekit_submit_input_holder elementskit_input_wraper\">\n\t\t\t\t\t\t<button type=\"submit\" class=\"ekit-mail-submit\" name=\"ekit_mail_chimp\">Abone Olun<\/button>\n\t\t\t\t\t<\/div>\n\t\t\t\t<\/div>\n\t\t\t<input type=\"hidden\" name=\"trp-form-language\" value=\"en\"\/><\/form>\n\t\t<\/div>\n\t\t<\/div>\t\t<\/div>\n\t\t\t\t<\/div>\n\t\t\t\t\t\t<\/div>\n\t\t\t\t\t<\/div>\n\t\t<\/div>\n\t\t\t\t\t\t\t\t<\/div>\n\t\t\t\t\t<\/div>\n\t\t<\/section>\n\t\t\t\t<section class=\"elementor-section elementor-top-section elementor-element elementor-element-6f60460 elementor-section-boxed elementor-section-height-default elementor-section-height-default\" data-id=\"6f60460\" data-element_type=\"section\">\n\t\t\t\t\t\t<div class=\"elementor-container elementor-column-gap-default\">\n\t\t\t\t\t\t\t<div class=\"elementor-row\">\n\t\t\t\t\t<div class=\"elementor-column elementor-col-100 elementor-top-column elementor-element elementor-element-2899313\" data-id=\"2899313\" data-element_type=\"column\">\n\t\t\t<div class=\"elementor-column-wrap\">\n\t\t\t\t\t\t\t<div class=\"elementor-widget-wrap\">\n\t\t\t\t\t\t\t\t<\/div>\n\t\t\t\t\t<\/div>\n\t\t<\/div>\n\t\t\t\t\t\t\t\t<\/div>\n\t\t\t\t\t<\/div>\n\t\t<\/section>\n\t\t\t\t\t\t<\/div>\n\t\t\t\t\t\t<\/div>\n\t\t\t\t\t<\/div>","protected":false},"excerpt":{"rendered":"<p>Bize Ula\u015f\u0131n K&#8217;n\u0131n Sesi&#8217;ne E-Mail&#8217;le Ula\u015fabilirsiniz Bas\u0131n kitine ula\u015fmak i\u00e7in t\u0131klay\u0131n. \u0130leti\u015fim: info@kninsesi.com Yeni b\u00f6l\u00fcmlerden haberdar olmak i\u00e7in email listemize kaydolun. \u0130sim Soyisim E-mail Abone Olun<\/p>","protected":false},"author":1,"featured_media":2551,"parent":0,"menu_order":0,"comment_status":"closed","ping_status":"closed","template":"","meta":{"episode_type":"","audio_file":"","cover_image":"","cover_image_id":"","duration":"","filesize":"","date_recorded":"","explicit":"","block":"","filesize_raw":""},"yoast_head":"<!-- This site is optimized with the Yoast SEO plugin v17.6 - https:\/\/yoast.com\/wordpress\/plugins\/seo\/ -->\n<title>\u0130leti\u015fim &middot; K&#039;n\u0131n Sesi Podcast<\/title>\n<meta name=\"description\" content=\"K&#039;n\u0131n Sesi b\u00f6l\u00fcmlerinden haberdar olmak i\u00e7in ileti\u015fim listesine kaydolun. K&#039;n\u0131n Sesi&#039;ne ula\u015fmak i\u00e7in buray\u0131 ziyaret edin.\" \/>\n<meta name=\"robots\" content=\"index, follow, max-snippet:-1, max-image-preview:large, max-video-preview:-1\" \/>\n<link rel=\"canonical\" href=\"https:\/\/kninsesi.com\/en\/iletisim\/\" \/>\n<meta property=\"og:locale\" content=\"en_US\" \/>\n<meta property=\"og:type\" content=\"article\" \/>\n<meta property=\"og:title\" content=\"\u0130leti\u015fim &middot; K&#039;n\u0131n Sesi Podcast\" \/>\n<meta property=\"og:description\" content=\"K&#039;n\u0131n Sesi b\u00f6l\u00fcmlerinden haberdar olmak i\u00e7in ileti\u015fim listesine kaydolun. K&#039;n\u0131n Sesi&#039;ne ula\u015fmak i\u00e7in buray\u0131 ziyaret edin.\" \/>\n<meta property=\"og:url\" content=\"https:\/\/kninsesi.com\/en\/iletisim\/\" \/>\n<meta property=\"og:site_name\" content=\"K&#039;n\u0131n Sesi Podcast\" \/>\n<meta property=\"article:publisher\" content=\"https:\/\/www.facebook.com\/kninsesi\" \/>\n<meta property=\"article:modified_time\" content=\"2024-01-30T15:19:59+00:00\" \/>\n<meta property=\"og:image\" content=\"https:\/\/kninsesi.com\/wp-content\/uploads\/2021\/03\/IMG-4819.png\" \/>\n\t<meta property=\"og:image:width\" content=\"1920\" \/>\n\t<meta property=\"og:image:height\" content=\"1080\" \/>\n<meta name=\"twitter:card\" content=\"summary_large_image\" \/>\n<meta name=\"twitter:site\" content=\"@kninsesipodcast\" \/>\n<meta name=\"twitter:label1\" content=\"Est. reading time\" \/>\n\t<meta name=\"twitter:data1\" content=\"1 minute\" \/>\n<script type=\"application\/ld+json\" class=\"yoast-schema-graph\">{\"@context\":\"https:\/\/schema.org\",\"@graph\":[{\"@type\":\"Organization\",\"@id\":\"https:\/\/kninsesi.com\/#organization\",\"name\":\"K'n\\u0131n Sesi Podcast\",\"url\":\"https:\/\/kninsesi.com\/\",\"sameAs\":[\"https:\/\/www.facebook.com\/kninsesi\",\"https:\/\/www.instagram.com\/knin_sesi\/\",\"https:\/\/twitter.com\/kninsesipodcast\"],\"logo\":{\"@type\":\"ImageObject\",\"@id\":\"https:\/\/kninsesi.com\/#logo\",\"inLanguage\":\"en-US\",\"url\":\"https:\/\/kninsesi.com\/wp-content\/uploads\/2021\/03\/6417017-1615472975336-2920d42c19152-7-scaled.jpg\",\"contentUrl\":\"https:\/\/kninsesi.com\/wp-content\/uploads\/2021\/03\/6417017-1615472975336-2920d42c19152-7-scaled.jpg\",\"width\":2560,\"height\":2560,\"caption\":\"K'n\\u0131n Sesi Podcast\"},\"image\":{\"@id\":\"https:\/\/kninsesi.com\/#logo\"}},{\"@type\":\"WebSite\",\"@id\":\"https:\/\/kninsesi.com\/#website\",\"url\":\"https:\/\/kninsesi.com\/\",\"name\":\"K&#039;n\\u0131n Sesi Podcast\",\"description\":\"\",\"publisher\":{\"@id\":\"https:\/\/kninsesi.com\/#organization\"},\"potentialAction\":[{\"@type\":\"SearchAction\",\"target\":{\"@type\":\"EntryPoint\",\"urlTemplate\":\"https:\/\/kninsesi.com\/?s={search_term_string}\"},\"query-input\":\"required name=search_term_string\"}],\"inLanguage\":\"en-US\"},{\"@type\":\"ImageObject\",\"@id\":\"https:\/\/kninsesi.com\/iletisim\/#primaryimage\",\"inLanguage\":\"en-US\",\"url\":\"https:\/\/kninsesi.com\/wp-content\/uploads\/2021\/03\/IMG-4819.png\",\"contentUrl\":\"https:\/\/kninsesi.com\/wp-content\/uploads\/2021\/03\/IMG-4819.png\",\"width\":1920,\"height\":1080},{\"@type\":\"WebPage\",\"@id\":\"https:\/\/kninsesi.com\/iletisim\/#webpage\",\"url\":\"https:\/\/kninsesi.com\/iletisim\/\",\"name\":\"\\u0130leti\\u015fim &middot; K&#039;n\\u0131n Sesi Podcast\",\"isPartOf\":{\"@id\":\"https:\/\/kninsesi.com\/#website\"},\"primaryImageOfPage\":{\"@id\":\"https:\/\/kninsesi.com\/iletisim\/#primaryimage\"},\"datePublished\":\"2020-07-22T14:17:00+00:00\",\"dateModified\":\"2024-01-30T15:19:59+00:00\",\"description\":\"K'n\\u0131n Sesi b\\u00f6l\\u00fcmlerinden haberdar olmak i\\u00e7in ileti\\u015fim listesine kaydolun. K'n\\u0131n Sesi'ne ula\\u015fmak i\\u00e7in buray\\u0131 ziyaret edin.\",\"breadcrumb\":{\"@id\":\"https:\/\/kninsesi.com\/iletisim\/#breadcrumb\"},\"inLanguage\":\"en-US\",\"potentialAction\":[{\"@type\":\"ReadAction\",\"target\":[\"https:\/\/kninsesi.com\/iletisim\/\"]}]},{\"@type\":\"BreadcrumbList\",\"@id\":\"https:\/\/kninsesi.com\/iletisim\/#breadcrumb\",\"itemListElement\":[{\"@type\":\"ListItem\",\"position\":1,\"name\":\"Home\",\"item\":\"https:\/\/kninsesi.com\/\"},{\"@type\":\"ListItem\",\"position\":2,\"name\":\"\\u0130leti\\u015fim\"}]}]}<\/script>\n<!-- \/ Yoast SEO plugin. -->","yoast_head_json":{"title":"\u0130leti\u015fim &middot; K&#039;n\u0131n Sesi Podcast","description":"K'n\u0131n Sesi b\u00f6l\u00fcmlerinden haberdar olmak i\u00e7in ileti\u015fim listesine kaydolun. K'n\u0131n Sesi'ne ula\u015fmak i\u00e7in buray\u0131 ziyaret edin.","robots":{"index":"index","follow":"follow","max-snippet":"max-snippet:-1","max-image-preview":"max-image-preview:large","max-video-preview":"max-video-preview:-1"},"canonical":"https:\/\/kninsesi.com\/en\/iletisim\/","og_locale":"en_US","og_type":"article","og_title":"\u0130leti\u015fim &middot; K&#039;n\u0131n Sesi Podcast","og_description":"K'n\u0131n Sesi b\u00f6l\u00fcmlerinden haberdar olmak i\u00e7in ileti\u015fim listesine kaydolun. K'n\u0131n Sesi'ne ula\u015fmak i\u00e7in buray\u0131 ziyaret edin.","og_url":"https:\/\/kninsesi.com\/en\/iletisim\/","og_site_name":"K&#039;n\u0131n Sesi Podcast","article_publisher":"https:\/\/www.facebook.com\/kninsesi","article_modified_time":"2024-01-30T15:19:59+00:00","og_image":[{"width":1920,"height":1080,"url":"https:\/\/kninsesi.com\/wp-content\/uploads\/2021\/03\/IMG-4819.png","type":"image\/png"}],"twitter_card":"summary_large_image","twitter_site":"@kninsesipodcast","twitter_misc":{"Est. reading time":"1 minute"},"schema":{"@context":"https:\/\/schema.org","@graph":[{"@type":"Organization","@id":"https:\/\/kninsesi.com\/#organization","name":"K'n\u0131n Sesi Podcast","url":"https:\/\/kninsesi.com\/","sameAs":["https:\/\/www.facebook.com\/kninsesi","https:\/\/www.instagram.com\/knin_sesi\/","https:\/\/twitter.com\/kninsesipodcast"],"logo":{"@type":"ImageObject","@id":"https:\/\/kninsesi.com\/#logo","inLanguage":"en-US","url":"https:\/\/kninsesi.com\/wp-content\/uploads\/2021\/03\/6417017-1615472975336-2920d42c19152-7-scaled.jpg","contentUrl":"https:\/\/kninsesi.com\/wp-content\/uploads\/2021\/03\/6417017-1615472975336-2920d42c19152-7-scaled.jpg","width":2560,"height":2560,"caption":"K'n\u0131n Sesi Podcast"},"image":{"@id":"https:\/\/kninsesi.com\/#logo"}},{"@type":"WebSite","@id":"https:\/\/kninsesi.com\/#website","url":"https:\/\/kninsesi.com\/","name":"K&#039;n\u0131n Sesi Podcast","description":"","publisher":{"@id":"https:\/\/kninsesi.com\/#organization"},"potentialAction":[{"@type":"SearchAction","target":{"@type":"EntryPoint","urlTemplate":"https:\/\/kninsesi.com\/?s={search_term_string}"},"query-input":"required name=search_term_string"}],"inLanguage":"en-US"},{"@type":"ImageObject","@id":"https:\/\/kninsesi.com\/iletisim\/#primaryimage","inLanguage":"en-US","url":"https:\/\/kninsesi.com\/wp-content\/uploads\/2021\/03\/IMG-4819.png","contentUrl":"https:\/\/kninsesi.com\/wp-content\/uploads\/2021\/03\/IMG-4819.png","width":1920,"height":1080},{"@type":"WebPage","@id":"https:\/\/kninsesi.com\/iletisim\/#webpage","url":"https:\/\/kninsesi.com\/iletisim\/","name":"\u0130leti\u015fim &middot; K&#039;n\u0131n Sesi Podcast","isPartOf":{"@id":"https:\/\/kninsesi.com\/#website"},"primaryImageOfPage":{"@id":"https:\/\/kninsesi.com\/iletisim\/#primaryimage"},"datePublished":"2020-07-22T14:17:00+00:00","dateModified":"2024-01-30T15:19:59+00:00","description":"K'n\u0131n Sesi b\u00f6l\u00fcmlerinden haberdar olmak i\u00e7in ileti\u015fim listesine kaydolun. K'n\u0131n Sesi'ne ula\u015fmak i\u00e7in buray\u0131 ziyaret edin.","breadcrumb":{"@id":"https:\/\/kninsesi.com\/iletisim\/#breadcrumb"},"inLanguage":"en-US","potentialAction":[{"@type":"ReadAction","target":["https:\/\/kninsesi.com\/iletisim\/"]}]},{"@type":"BreadcrumbList","@id":"https:\/\/kninsesi.com\/iletisim\/#breadcrumb","itemListElement":[{"@type":"ListItem","position":1,"name":"Home","item":"https:\/\/kninsesi.com\/"},{"@type":"ListItem","position":2,"name":"\u0130leti\u015fim"}]}]}},"_links":{"self":[{"href":"https:\/\/kninsesi.com\/en\/wp-json\/wp\/v2\/pages\/15"}],"collection":[{"href":"https:\/\/kninsesi.com\/en\/wp-json\/wp\/v2\/pages"}],"about":[{"href":"https:\/\/kninsesi.com\/en\/wp-json\/wp\/v2\/types\/page"}],"author":[{"embeddable":true,"href":"https:\/\/kninsesi.com\/en\/wp-json\/wp\/v2\/users\/1"}],"replies":[{"embeddable":true,"href":"https:\/\/kninsesi.com\/en\/wp-json\/wp\/v2\/comments?post=15"}],"version-history":[{"count":115,"href":"https:\/\/kninsesi.com\/en\/wp-json\/wp\/v2\/pages\/15\/revisions"}],"predecessor-version":[{"id":5284,"href":"https:\/\/kninsesi.com\/en\/wp-json\/wp\/v2\/pages\/15\/revisions\/5284"}],"wp:featuredmedia":[{"embeddable":true,"href":"https:\/\/kninsesi.com\/en\/wp-json\/wp\/v2\/media\/2551"}],"wp:attachment":[{"href":"https:\/\/kninsesi.com\/en\/wp-json\/wp\/v2\/media?parent=15"}],"curies":[{"name":"wp","href":"https:\/\/api.w.org\/{rel}","templated":true}]}}